{"id":20,"date":"2023-10-08T17:35:45","date_gmt":"2023-10-08T15:35:45","guid":{"rendered":"http:\/\/sica111.fr\/?page_id=20"},"modified":"2023-10-16T14:43:13","modified_gmt":"2023-10-16T12:43:13","slug":"contact","status":"publish","type":"page","link":"https:\/\/sica111.fr\/index.php\/contact\/","title":{"rendered":"Equipe"},"content":{"rendered":"\n<p>Des architectes, une experte en \u00e9levage, une dessinatrice et une assistante polyvalente forment l&rsquo;\u00e9quipe de la SICA d&rsquo;Habitat Rural Rh\u00f4ne et Loire.\n\nDepuis sa cr\u00e9ation en 2014, un architecte HMONP dirige l&rsquo;\u00e9quipe qui est en 2023 compos\u00e9e de 5 personnes.<\/p>\n","protected":false},"excerpt":{"rendered":"<p>Des architectes, une experte en \u00e9levage, une dessinatrice et une assistante polyvalente forment l&rsquo;\u00e9quipe de la SICA d&rsquo;Habitat Rural Rh\u00f4ne et Loire. Depuis sa cr\u00e9ation en 2014, un architecte HMONP dirige l&rsquo;\u00e9quipe qui est en 2023 compos\u00e9e de 5 personnes.<\/p>\n","protected":false},"author":1,"featured_media":0,"parent":0,"menu_order":0,"comment_status":"closed","ping_status":"closed","template":"","meta":{"footnotes":""},"_links":{"self":[{"href":"https:\/\/sica111.fr\/index.php\/wp-json\/wp\/v2\/pages\/20"}],"collection":[{"href":"https:\/\/sica111.fr\/index.php\/wp-json\/wp\/v2\/pages"}],"about":[{"href":"https:\/\/sica111.fr\/index.php\/wp-json\/wp\/v2\/types\/page"}],"author":[{"embeddable":true,"href":"https:\/\/sica111.fr\/index.php\/wp-json\/wp\/v2\/users\/1"}],"replies":[{"embeddable":true,"href":"https:\/\/sica111.fr\/index.php\/wp-json\/wp\/v2\/comments?post=20"}],"version-history":[{"count":4,"href":"https:\/\/sica111.fr\/index.php\/wp-json\/wp\/v2\/pages\/20\/revisions"}],"predecessor-version":[{"id":72,"href":"https:\/\/sica111.fr\/index.php\/wp-json\/wp\/v2\/pages\/20\/revisions\/72"}],"wp:attachment":[{"href":"https:\/\/sica111.fr\/index.php\/wp-json\/wp\/v2\/media?parent=20"}],"curies":[{"name":"wp","href":"https:\/\/api.w.org\/{rel}","templated":true}]}}