{"id":18,"date":"2023-10-08T17:35:45","date_gmt":"2023-10-08T15:35:45","guid":{"rendered":"http:\/\/sica111.fr\/?page_id=18"},"modified":"2023-10-16T15:58:04","modified_gmt":"2023-10-16T13:58:04","slug":"une-equipe-de-maitrise-doeuvre-a-votre-service","status":"publish","type":"page","link":"https:\/\/sica111.fr\/","title":{"rendered":"Soci\u00e9t\u00e9 civile d&rsquo;Int\u00e9r\u00eat Collectif Agricole d&rsquo;Habitat Rural du Rh\u00f4ne et de la Loire"},"content":{"rendered":"\n<div class=\"wp-block-columns alignwide is-layout-flex wp-container-3 wp-block-columns-is-layout-flex\">\n<div class=\"wp-block-column is-layout-flow wp-block-column-is-layout-flow\">\n<figure class=\"wp-block-image size-large\"><img decoding=\"async\" loading=\"lazy\" width=\"1024\" height=\"423\" src=\"http:\/\/sica111.fr\/wp-content\/uploads\/2023\/10\/logo-sica111-1024x423.jpg\" alt=\"\" class=\"wp-image-76\" srcset=\"https:\/\/sica111.fr\/wp-content\/uploads\/2023\/10\/logo-sica111-1024x423.jpg 1024w, https:\/\/sica111.fr\/wp-content\/uploads\/2023\/10\/logo-sica111-300x124.jpg 300w, https:\/\/sica111.fr\/wp-content\/uploads\/2023\/10\/logo-sica111-768x317.jpg 768w, https:\/\/sica111.fr\/wp-content\/uploads\/2023\/10\/logo-sica111-1536x634.jpg 1536w, https:\/\/sica111.fr\/wp-content\/uploads\/2023\/10\/logo-sica111.jpg 1744w\" sizes=\"(max-width: 706px) 89vw, (max-width: 767px) 82vw, 740px\" \/><\/figure>\n<\/div>\n\n\n\n<div class=\"wp-block-column is-layout-flow wp-block-column-is-layout-flow\"><\/div>\n<\/div>\n\n\n\n<p><\/p>\n\n\n\n<figure class=\"wp-block-gallery alignwide has-nested-images columns-default is-cropped wp-block-gallery-4 is-layout-flex wp-block-gallery-is-layout-flex\"><\/figure>\n","protected":false},"excerpt":{"rendered":"","protected":false},"author":1,"featured_media":17,"parent":0,"menu_order":0,"comment_status":"closed","ping_status":"closed","template":"","meta":{"footnotes":""},"_links":{"self":[{"href":"https:\/\/sica111.fr\/index.php\/wp-json\/wp\/v2\/pages\/18"}],"collection":[{"href":"https:\/\/sica111.fr\/index.php\/wp-json\/wp\/v2\/pages"}],"about":[{"href":"https:\/\/sica111.fr\/index.php\/wp-json\/wp\/v2\/types\/page"}],"author":[{"embeddable":true,"href":"https:\/\/sica111.fr\/index.php\/wp-json\/wp\/v2\/users\/1"}],"replies":[{"embeddable":true,"href":"https:\/\/sica111.fr\/index.php\/wp-json\/wp\/v2\/comments?post=18"}],"version-history":[{"count":3,"href":"https:\/\/sica111.fr\/index.php\/wp-json\/wp\/v2\/pages\/18\/revisions"}],"predecessor-version":[{"id":77,"href":"https:\/\/sica111.fr\/index.php\/wp-json\/wp\/v2\/pages\/18\/revisions\/77"}],"wp:featuredmedia":[{"embeddable":true,"href":"https:\/\/sica111.fr\/index.php\/wp-json\/wp\/v2\/media\/17"}],"wp:attachment":[{"href":"https:\/\/sica111.fr\/index.php\/wp-json\/wp\/v2\/media?parent=18"}],"curies":[{"name":"wp","href":"https:\/\/api.w.org\/{rel}","templated":true}]}}